{"id":232,"date":"2025-12-05T16:46:19","date_gmt":"2025-12-05T15:46:19","guid":{"rendered":"https:\/\/suspicious-driscoll.93-93-112-42.plesk.page\/?page_id=232"},"modified":"2025-12-24T09:11:16","modified_gmt":"2025-12-24T08:11:16","slug":"accesibilidad","status":"publish","type":"page","link":"https:\/\/clermontcapitalre.com\/en\/accesibilidad\/","title":{"rendered":"Accessibility"},"content":{"rendered":"<div class=\"wp-block-group is-layout-flow wp-block-group-is-layout-flow\">\n<p><strong>Clermont Kaizen SL<\/strong> has committed to making its website accessible in accordance with <strong>Royal Decree 1112\/2018 of 7 September<\/strong>, on the accessibility of websites and mobile applications of the public sector.<a><\/a><\/p>\n\n\n\n<h3 class=\"wp-block-heading\"><strong>1. Compliance Status<\/strong><\/h3>\n\n\n\n<p>This website is <strong>partially compliant<\/strong> with Royal Decree 1112\/2018 due to the exceptions and the lack of conformity of certain aspects, as detailed below.<a><\/a><\/p>\n\n\n\n<h4 class=\"wp-block-heading\"><strong>1.1. Non-accessible content<\/strong><\/h4>\n\n\n\n<p>The content listed below is not accessible for the following reasons:<\/p>\n\n\n\n<p><strong>Non-compliance with Royal Decree 1112\/2018:<\/strong><\/p>\n\n\n\n<ul class=\"wp-block-list\">\n<li>There may be occasional editing errors on some web pages.<\/li>\n\n\n\n<li>Images without appropriate alternative text.<\/li>\n\n\n\n<li>Documents in PDF format or other office formats that are not accessible.<\/li>\n\n\n\n<li>Some videos may not include subtitles.<\/li>\n<\/ul>\n\n\n\n<p><strong>Disproportionate burden:<\/strong><\/p>\n\n\n\n<ul class=\"wp-block-list\">\n<li>There may be multimedia files of significant age that do not include subtitles or transcripts.<\/li>\n<\/ul>\n\n\n\n<p><strong>Content outside the scope of applicable legislation:<\/strong><\/p>\n\n\n\n<ul class=\"wp-block-list\">\n<li>Third-party content that is neither funded nor developed by this entity, nor under its control.<\/li>\n<\/ul>\n\n\n\n<hr class=\"wp-block-separator has-alpha-channel-opacity\"\/>\n\n\n\n<p><\/p>\n\n\n\n<h3 class=\"wp-block-heading\"><\/h3>\n\n\n\n<p><\/p>\n\n\n\n<h3 class=\"wp-block-heading\"><strong>2. Preparation of this Accessibility Statement<\/strong><\/h3>\n\n\n\n<p>This statement was prepared on <strong>22\/12\/2025<\/strong> through a self-assessment carried out by the company itself.<a><\/a><\/p>\n\n\n\n<h3 class=\"wp-block-heading\"><strong>3. Feedback and Contact Information<\/strong><\/h3>\n\n\n\n<p>If you identify any accessibility barriers or wish to submit any queries or suggestions, you may do so by contacting us at <a href=\"mailto:info@clermontcapitalre.com\" target=\"_blank\" rel=\"noreferrer noopener\"><strong>info@clermontcapitalre.com<\/strong><\/a>.<\/p>\n\n\n\n<p>You may submit:<\/p>\n\n\n\n<ul class=\"wp-block-list\">\n<li>A complaint regarding compliance with the requirements of Royal Decree 1112\/2018.<\/li>\n\n\n\n<li>A request for accessible information relating to:\n<ul class=\"wp-block-list\">\n<li>Content excluded from the scope of the applicable regulations.<\/li>\n\n\n\n<li>Content exempt due to disproportionate burden.<\/li>\n<\/ul>\n<\/li>\n<\/ul>\n\n\n\n<p>All communications will be received and managed by <strong>Clermont Kaizen SL<\/strong>.<\/p>\n<\/div>","protected":false},"excerpt":{"rendered":"<p>Clermont Kaizen SL se ha comprometido a hacer accesible la p\u00e1gina web de conformidad con el Real Decreto 1112\/2018, de 7 de septiembre, sobre accesibilidad de los sitios web y aplicaciones para dispositivos m\u00f3viles del sector p\u00fablico. 1. SITUACI\u00d3N DE CUMPLIMIENTO Este sitio web es parcialmente conforme con el Real Decreto 1112\/2018 debido a las [&hellip;]<\/p>\n","protected":false},"author":1,"featured_media":0,"parent":0,"menu_order":0,"comment_status":"closed","ping_status":"closed","template":"","meta":{"_acf_changed":false,"footnotes":""},"class_list":["post-232","page","type-page","status-publish","hentry"],"acf":[],"_links":{"self":[{"href":"https:\/\/clermontcapitalre.com\/en\/wp-json\/wp\/v2\/pages\/232","targetHints":{"allow":["GET"]}}],"collection":[{"href":"https:\/\/clermontcapitalre.com\/en\/wp-json\/wp\/v2\/pages"}],"about":[{"href":"https:\/\/clermontcapitalre.com\/en\/wp-json\/wp\/v2\/types\/page"}],"author":[{"embeddable":true,"href":"https:\/\/clermontcapitalre.com\/en\/wp-json\/wp\/v2\/users\/1"}],"replies":[{"embeddable":true,"href":"https:\/\/clermontcapitalre.com\/en\/wp-json\/wp\/v2\/comments?post=232"}],"version-history":[{"count":3,"href":"https:\/\/clermontcapitalre.com\/en\/wp-json\/wp\/v2\/pages\/232\/revisions"}],"predecessor-version":[{"id":315,"href":"https:\/\/clermontcapitalre.com\/en\/wp-json\/wp\/v2\/pages\/232\/revisions\/315"}],"wp:attachment":[{"href":"https:\/\/clermontcapitalre.com\/en\/wp-json\/wp\/v2\/media?parent=232"}],"curies":[{"name":"wp","href":"https:\/\/api.w.org\/{rel}","templated":true}]}}